{"id":1166,"date":"2022-03-16T20:17:12","date_gmt":"2022-03-16T20:17:12","guid":{"rendered":"https:\/\/aleksandrakurendietetyk.pl\/?page_id=1166"},"modified":"2022-03-16T20:17:12","modified_gmt":"2022-03-16T20:17:12","slug":"polityka-prywatnosci","status":"publish","type":"page","link":"https:\/\/aleksandrakurendietetyk.pl\/index.php\/polityka-prywatnosci\/","title":{"rendered":"Polityka prywatno\u015bci"},"content":{"rendered":"<p><strong>KLAUZULA INFORMACYJNA OCHRONA DANYCH OSOBOWYCH RODO<\/strong><\/p>\n<p>Zgodnie z art. 6 ust. 1 lit., a Rozporz\u0105dzenia Parlamentu Europejskiego i Rady (UE) 2016\/679 z dnia 27 kwietnia 2016 r. w sprawie ochrony os\u00f3b fizycznych i w zwi\u0105zku z przetwarzaniem danych osobowych, informuj\u0119, i\u017c:<\/p>\n<p><strong>[Administrator Danych Osobowych]<\/strong>\u00a0Administratorem Pani\/Pana danych osobowych jest Aleksandra Kure\u0144, adres korespondencyjny: Wojkowa 12, 33-370 Muszyna<\/p>\n<p>adres email:\u00a0aleksandrakuren.dietetyk@gmail.com<\/p>\n<p><strong>[Cel przetwarzania i zwi\u0105zane z nimi podstawy przetwarzania]\u00a0<\/strong>Administrator przetwarza Pani\/Pana dane osobowe tylko i wy\u0142\u0105cznie na podstawie prawa i w \u015bci\u015ble okre\u015blonych celach, tj.:<\/p>\n<ol>\n<li><strong>w celu przygotowania dla Pani\/Pana Planu \u017cywieniowego ( dane osobowe zwyk\u0142e).\u00a0<\/strong><u>Podstaw\u0105 prawn\u0105\u00a0<\/u>przetwarzania Pani\/Pana danych osobowych w tym celu jest art. 6 ust. 1 lit. b) RODO. Podanie danych jest dobrowolne, jednak bez ich podania nie b\u0119dzie mo\u017cliwe przygotowanie Planu \u017cywieniowego.<\/li>\n<li><strong>w celu przygotowania dla Pani\/Pana Planu \u017cywieniowego ( dane osobowe szczeg\u00f3lnych kategorii &#8211; dotycz\u0105ce stanu zdrowia).\u00a0<\/strong><u>Podstaw\u0105 prawn\u0105\u00a0<\/u>przetwarzania Pani\/Pana danych osobowych w tym celu jest art. 9 ust.2 lit. a) RODO tj. na podstawie zgody osoby, kt\u00f3rej dane dotycz\u0105. Podanie danych jest dobrowolne, jednak ich brak b\u0119dzie skutkowa\u0142 niemo\u017cno\u015bci\u0105 przygotowania Planu \u017cywieniowego. Udzielona zgoda mo\u017ce zosta\u0107 w dowolnym momencie cofni\u0119ta, co nie wp\u0142ywa na legalno\u015b\u0107 przetwarzania danych przed jej wycofaniem<\/li>\n<li><strong>w celu kontaktu i obs\u0142ugi zapyta\u0144.<\/strong><u>\u00a0Podstaw\u0105 prawn\u0105 <\/u>przetwarzania Pani\/Pana danych osobowych w tym celu jest art. 6 ust. 1 lit. f) RODO, tj. w zwi\u0105zku z uzasadnionym celem Administratora. Podanie danych jest dobrowolne, jednak bez ich podania nie b\u0119dzie mo\u017cliwo\u015bci kontaktu ( przesy\u0142ania danych do Planu \u017cywieniowego) i udzielania\u00a0 odpowiedzi zadanych drog\u0105 \u00a0mailow\u0105.<\/li>\n<li><strong>w celach marketingowych:\u00a0<\/strong>wysy\u0142anie ofert \u015bwiadczonych us\u0142ug, informacji o promocjach\u00a0<u>Podstaw\u0105 prawn\u0105 <\/u>przetwarzania Pani\/Pana danych osobowych w tym celu jest art. 6 ust. 1 lit. a) RODO, tj. na podstawie zgody osoby, kt\u00f3rej dane dotycz\u0105. Podanie danych jest dobrowolne, za\u015b udzielona zgoda mo\u017ce zosta\u0107 w dowolnym momencie cofni\u0119ta, co nie wp\u0142ywa na legalno\u015b\u0107 przetwarzania danych przed jej wycofaniem.<\/li>\n<li><strong>w celach spe\u0142nienia ci\u0105\u017c\u0105cych na Administratorze obowi\u0105zk\u00f3w prawnych<\/strong>\u00a0np. wystawienia lub przechowywania faktur i innych dokument\u00f3w ksi\u0119gowych, udzielanie odpowiedzi na reklamacje\u00a0<u>Podstaw\u0105 prawn\u0105 <\/u>przetwarzania Pani\/Pana danych osobowych w tym celu jest art. 6 ust. 1c RODO) , tj. przetwarzanie jest niezb\u0119dne do wype\u0142nienia obowi\u0105zku prawnego ci\u0105\u017c\u0105cego na administratorze.<\/li>\n<li><strong>w celach zawarcia i wykonania um\u00f3w<\/strong>\u00a0<u>Podstaw\u0105 prawn\u0105<\/u>\u00a0przetwarzania Pani\/Pana danych osobowych w tym celu jest art. 6 ust. 1b RODO) , tj. \u00a0przetwarzanie jest niezb\u0119dne do wykonania umowy, kt\u00f3rej stron\u0105 jest osoba, kt\u00f3rej dane dotycz\u0105, lub do podj\u0119cia dzia\u0142a\u0144 na \u017c\u0105danie osoby, kt\u00f3rej dane dotycz\u0105, przed zawarciem umowy<\/li>\n<\/ol>\n<p>&nbsp;<\/p>\n<p><strong>[Odbiorcy]\u00a0<\/strong>W zwi\u0105zku z przetwarzaniem danych w celach o kt\u00f3rych mowa \u00a0wy\u017cej odbiorcami Pani\/Pana danych osobowych mog\u0105 by\u0107 podmioty z nast\u0119puj\u0105cych kategorii:<\/p>\n<p>&#8211; \u00a0przetwarzaj\u0105ce dane osobowe w imieniu Administratora na podstawie stosownych um\u00f3w np. obs\u0142uguj\u0105ce systemy informatyczne Administratora, podwykonawcy, agencje reklamowe, po\u015brednicy, podmioty \u015bwiadcz\u0105ce na rzecz Administratora us\u0142ugi doradcze, prawne, windykacyjne, rachunkowe, audytorskie oraz us\u0142ugi dor\u0119czania korespondencji i przesy\u0142ek<\/p>\n<p>&#8211; \u00a0upowa\u017cnione do ich otrzymania na podstawie obowi\u0105zuj\u0105cych przepis\u00f3w prawa np. s\u0105dy i organy pa\u0144stwowe,<\/p>\n<p>&#8211; \u00a0naszym pracownikom, kt\u00f3rzy wsp\u00f3\u0142pracuj\u0105 z nami na podstawie stosownych um\u00f3w.<\/p>\n<p>&nbsp;<\/p>\n<p><strong>[Okres przechowywania]\u00a0<\/strong>Okres przechowywania Pani\/Pana danych osobowych jest uzale\u017cniony od podstawy prawnej ich przetwarzania:<\/p>\n<ul>\n<li>w przypadku, gdy dane przetwarzane s\u0105 na podstawie art. 6 ust. 1 lit. b) RODO tj. dane osobowe zwyk\u0142e przetwarzane w celu przygotowania Planu \u017cywieniowego przechowywane b\u0119d\u0105 przez okres 1 roku od momentu ostatniego kontaktu mailowego.<\/li>\n<li>w przypadku, gdy dane przetwarzane s\u0105 na podstawie art. 6 ust. 1 lit. a) RODO dane osobowe przetwarzane b\u0119d\u0105 do czasu cofni\u0119cia przez Pani\u0105\/Pana tej zgody lub przez okres 1 roku od momentu ostatniego kontaktu mailowego.<\/li>\n<li>w przypadku, gdy dane przetwarzane s\u0105 na podstawie art. 9 ust. 2 lit. a) RODO dane osobowe przetwarzane b\u0119d\u0105 do czasu cofni\u0119cia przez Pani\u0105\/Pana tej zgody lub przez okres 1 roku od momentu ostatniego kontaktu mailowego.<\/li>\n<li>w przypadku, gdy dane przetwarzane s\u0105 na podstawie art. 6 ust. 1 lit. f) RODO dane osobowe przetwarzane b\u0119d\u0105 przez okres 1 roku od momentu ostatniego kontaktu mailowego.<\/li>\n<li>w przypadku gdy dane przetwarzane s\u0105 na podstawie 6 ust. 1 lit. c) RODO dane osobowe przetwarzane b\u0119d\u0105 przez okres 5 lat od rozwi\u0105zania umowy z uwagi na brzmienie art. 74 ust.2 pkt 4 ustawy o rachunkowo\u015bci oraz okres wynikaj\u0105cy z tytu\u0142u wyga\u015bni\u0119cia i dochodzenia roszcze\u0144<\/li>\n<\/ul>\n<p>&nbsp;<\/p>\n<p><strong>[Prawa] Zakres przys\u0142uguj\u0105cych Pani\/Panu praw w zakresie ochrony danych osobowych<\/strong><\/p>\n<ul>\n<li>prawo do dost\u0119pu do tre\u015bci swoich danych osobowych,<\/li>\n<li>prawo do ich sprostowania,<\/li>\n<li>prawo do usuni\u0119cia,<\/li>\n<li>prawo ograniczenia przetwarzania,<\/li>\n<li>prawo do przenoszenia danych,<\/li>\n<li>prawo do wniesienia sprzeciwu,<\/li>\n<li>prawo do cofni\u0119cia zgody w dowolnym momencie bez wp\u0142ywu na zgodno\u015b\u0107 z prawem Cofni\u0119cie zgody mo\u017ce nast\u0105pi\u0107 na podstawie wype\u0142nienia o\u015bwiadczenia o cofni\u0119ciu zgody i wys\u0142anie drog\u0105 elektroniczn\u0105 na adres: kontakt.alicjajarosz@gmail.com<\/li>\n<li>Nie zale\u017cnie od podstawy przetwarza przys\u0142uguje Pani\/Panu tak\u017ce prawo wniesienia skargi do organu nadzorczego \u2013 Prezesa Urz\u0119du Ochrony Danych Osobowych.<\/li>\n<\/ul>\n<p>&nbsp;<\/p>\n<p><strong>[Zautomatyzowane podejmowanie decyzji]\u00a0<\/strong>Dane osobowe przetwarzane przez Administratora \u00a0nie b\u0119d\u0105 poddane zautomatyzowanemu podejmowaniu decyzji, w tym profilowaniu.<\/p>\n<p>Klauzula sporz\u0105dzona 05.08.2020 r.<\/p>\n<p>&nbsp;<\/p>\n<p>W przysz\u0142o\u015bci mo\u017ce zaj\u015b\u0107 konieczno\u015b\u0107 aktualizacji Klauzuli informacyjnej. Jej najnowsza wersja b\u0119dzie zawsze dost\u0119pna na mojej stronie. B\u0119d\u0119 informowa\u0107 o ka\u017cdej zmianie tre\u015bci Klauzuli Informacyjnej, np. o zmianach dotycz\u0105cych celu, w jakim korzystam z Pani \/Pana danych osobowych lub Pani\/Pana praw.<\/p>\n","protected":false},"excerpt":{"rendered":"<p>KLAUZULA INFORMACYJNA OCHRONA DANYCH OSOBOWYCH RODO Zgodnie z art. 6 [&hellip;]<\/p>\n","protected":false},"author":1,"featured_media":0,"parent":0,"menu_order":0,"comment_status":"closed","ping_status":"closed","template":"","meta":[],"_links":{"self":[{"href":"https:\/\/aleksandrakurendietetyk.pl\/index.php\/wp-json\/wp\/v2\/pages\/1166"}],"collection":[{"href":"https:\/\/aleksandrakurendietetyk.pl\/index.php\/wp-json\/wp\/v2\/pages"}],"about":[{"href":"https:\/\/aleksandrakurendietetyk.pl\/index.php\/wp-json\/wp\/v2\/types\/page"}],"author":[{"embeddable":true,"href":"https:\/\/aleksandrakurendietetyk.pl\/index.php\/wp-json\/wp\/v2\/users\/1"}],"replies":[{"embeddable":true,"href":"https:\/\/aleksandrakurendietetyk.pl\/index.php\/wp-json\/wp\/v2\/comments?post=1166"}],"version-history":[{"count":1,"href":"https:\/\/aleksandrakurendietetyk.pl\/index.php\/wp-json\/wp\/v2\/pages\/1166\/revisions"}],"predecessor-version":[{"id":1167,"href":"https:\/\/aleksandrakurendietetyk.pl\/index.php\/wp-json\/wp\/v2\/pages\/1166\/revisions\/1167"}],"wp:attachment":[{"href":"https:\/\/aleksandrakurendietetyk.pl\/index.php\/wp-json\/wp\/v2\/media?parent=1166"}],"curies":[{"name":"wp","href":"https:\/\/api.w.org\/{rel}","templated":true}]}}